{"id":793,"date":"2023-01-27T21:35:13","date_gmt":"2023-01-27T21:35:13","guid":{"rendered":"https:\/\/sorac.ca\/?page_id=793"},"modified":"2025-12-03T15:41:32","modified_gmt":"2025-12-03T15:41:32","slug":"quest-ce-quun-ecofrais","status":"publish","type":"page","link":"https:\/\/sorac.ca\/en\/quest-ce-quun-ecofrais\/","title":{"rendered":"Qu&rsquo;est-ce qu&rsquo;un \u00e9cofrais?"},"content":{"rendered":"\t\t<div data-elementor-type=\"wp-page\" data-elementor-id=\"793\" class=\"elementor elementor-793\" data-elementor-post-type=\"page\">\n\t\t\t\t\t\t<section class=\"elementor-section elementor-top-section elementor-element elementor-element-5f286cc elementor-section-boxed elementor-section-height-default elementor-section-height-default\" data-id=\"5f286cc\" data-element_type=\"section\" data-e-type=\"section\">\n\t\t\t\t\t\t<div class=\"elementor-container elementor-column-gap-no\">\n\t\t\t\t\t<div class=\"elementor-column elementor-col-100 elementor-top-column elementor-element elementor-element-4c2b2f4\" data-id=\"4c2b2f4\" data-element_type=\"column\" data-e-type=\"column\">\n\t\t\t<div class=\"elementor-widget-wrap elementor-element-populated\">\n\t\t\t\t\t\t<div class=\"elementor-element elementor-element-28a3f17 elementor-widget elementor-widget-spacer\" data-id=\"28a3f17\" data-element_type=\"widget\" data-e-type=\"widget\" data-widget_type=\"spacer.default\">\n\t\t\t\t<div class=\"elementor-widget-container\">\n\t\t\t\t\t\t\t<div class=\"elementor-spacer\">\n\t\t\t<div class=\"elementor-spacer-inner\"><\/div>\n\t\t<\/div>\n\t\t\t\t\t\t<\/div>\n\t\t\t\t<\/div>\n\t\t\t\t<div class=\"elementor-element elementor-element-575ec96 elementor-absolute elementor-hidden-mobile elementor-widget elementor-widget-image\" data-id=\"575ec96\" data-element_type=\"widget\" data-e-type=\"widget\" data-settings=\"{&quot;_position&quot;:&quot;absolute&quot;,&quot;_animation&quot;:&quot;none&quot;,&quot;motion_fx_motion_fx_scrolling&quot;:&quot;yes&quot;,&quot;motion_fx_translateY_effect&quot;:&quot;yes&quot;,&quot;motion_fx_translateY_speed&quot;:{&quot;unit&quot;:&quot;px&quot;,&quot;size&quot;:4,&quot;sizes&quot;:[]},&quot;motion_fx_translateY_affectedRange&quot;:{&quot;unit&quot;:&quot;%&quot;,&quot;size&quot;:&quot;&quot;,&quot;sizes&quot;:{&quot;start&quot;:0,&quot;end&quot;:100}},&quot;motion_fx_devices&quot;:[&quot;desktop&quot;,&quot;tablet&quot;,&quot;mobile&quot;]}\" data-widget_type=\"image.default\">\n\t\t\t\t<div class=\"elementor-widget-container\">\n\t\t\t\t\t\t\t\t\t\t\t\t\t\t\t<img fetchpriority=\"high\" decoding=\"async\" width=\"800\" height=\"496\" src=\"https:\/\/sorac.ca\/wp-content\/uploads\/2023\/01\/frigidaires_01-1024x635.jpg\" class=\"attachment-large size-large wp-image-732\" alt=\"\" srcset=\"https:\/\/sorac.ca\/wp-content\/uploads\/2023\/01\/frigidaires_01-1024x635.jpg 1024w, https:\/\/sorac.ca\/wp-content\/uploads\/2023\/01\/frigidaires_01-300x186.jpg 300w, https:\/\/sorac.ca\/wp-content\/uploads\/2023\/01\/frigidaires_01-768x476.jpg 768w, https:\/\/sorac.ca\/wp-content\/uploads\/2023\/01\/frigidaires_01-1536x953.jpg 1536w, https:\/\/sorac.ca\/wp-content\/uploads\/2023\/01\/frigidaires_01-2048x1271.jpg 2048w, https:\/\/sorac.ca\/wp-content\/uploads\/2023\/01\/frigidaires_01-18x12.jpg 18w\" sizes=\"(max-width: 800px) 100vw, 800px\" \/>\t\t\t\t\t\t\t\t\t\t\t\t\t\t\t<\/div>\n\t\t\t\t<\/div>\n\t\t\t\t<div class=\"elementor-element elementor-element-e9246f8 elementor-widget elementor-widget-heading\" data-id=\"e9246f8\" data-element_type=\"widget\" data-e-type=\"widget\" data-widget_type=\"heading.default\">\n\t\t\t\t<div class=\"elementor-widget-container\">\n\t\t\t\t\t<h2 class=\"elementor-heading-title elementor-size-default\">Qu'est-ce qu'un \u00e9cofrais?<\/h2>\t\t\t\t<\/div>\n\t\t\t\t<\/div>\n\t\t\t\t<div class=\"elementor-element elementor-element-b8f4af4 elementor-widget elementor-widget-text-editor\" data-id=\"b8f4af4\" data-element_type=\"widget\" data-e-type=\"widget\" data-settings=\"{&quot;_animation&quot;:&quot;none&quot;,&quot;_animation_delay&quot;:400}\" data-widget_type=\"text-editor.default\">\n\t\t\t\t<div class=\"elementor-widget-container\">\n\t\t\t\t\t\t\t\t\t<p>L\u2019\u00e9cofrais est inclus dans le prix des appareils de r\u00e9frig\u00e9ration et cong\u00e9lation neufs conform\u00e9ment au R\u00e8glement sur la r\u00e9cup\u00e9ration et la valorisation de produits par les entreprises du Qu\u00e9bec.<\/p>\t\t\t\t\t\t\t\t<\/div>\n\t\t\t\t<\/div>\n\t\t\t\t<div class=\"elementor-element elementor-element-5679621 elementor-widget elementor-widget-text-editor\" data-id=\"5679621\" data-element_type=\"widget\" data-e-type=\"widget\" data-widget_type=\"text-editor.default\">\n\t\t\t\t<div class=\"elementor-widget-container\">\n\t\t\t\t\t\t\t\t\tCes \u00e9cofrais refl\u00e8tent <span style=\"color: #5ac1af; font-weight: bold;\">le co\u00fbt r\u00e9el pour financer la collecte, le transport, le recyclage des appareils et la gestion du programme<\/span> de la SORAC.\n\nGr\u00e2ce au pr\u00e9l\u00e8vement des \u00e9cofrais, la r\u00e9cup\u00e9ration de ces produits en fin de vie n\u2019occasionnera pas de frais pour les membres de la SORAC, outre leurs frais annuels d\u2019adh\u00e9sion.\n\nLa d\u00e9cision d\u2019afficher les \u00e9cofrais appartient au membre et dans ce cas, l\u2019information doit \u00eatre d\u00e9voil\u00e9e d\u00e8s que le produit est mis en march\u00e9.\n\nDes r\u00e8gles d\u2019affichage des \u00e9cofrais sont pr\u00e9vues par le r\u00e8glement. Vous pouvez trouver plus d\u2019information y compris des exemples d\u2019affichage sur une \u00e9tiquette et une facture qui sont conformes au R\u00e8glement dans le\u00a0<a style=\"font-weight: bold; text-decoration:underline;\" href=\"https:\/\/sorac.ca\/guide-des-membres\/\">guide des membres<\/a>.\t\t\t\t\t\t\t\t<\/div>\n\t\t\t\t<\/div>\n\t\t\t\t<div class=\"elementor-element elementor-element-ad06afa elementor-invisible elementor-widget elementor-widget-text-editor\" data-id=\"ad06afa\" data-element_type=\"widget\" data-e-type=\"widget\" data-settings=\"{&quot;motion_fx_motion_fx_scrolling&quot;:&quot;yes&quot;,&quot;_animation&quot;:&quot;fadeInUp&quot;,&quot;_animation_delay&quot;:2000,&quot;motion_fx_devices&quot;:[&quot;desktop&quot;,&quot;tablet&quot;,&quot;mobile&quot;]}\" data-widget_type=\"text-editor.default\">\n\t\t\t\t<div class=\"elementor-widget-container\">\n\t\t\t\t\t\t\t\t\t<p style=\"text-align: center;\">SORAC recommande toutefois l\u2019affichage des \u00e9cofrais afin d\u2019informer et de sensibiliser l\u2019utilisateur final quant \u00e0 l\u2019importance de retourner son produit lorsqu\u2019il est arriv\u00e9 en fin de vie et ainsi contribuer \u00e0 l\u2019atteinte de l\u2019objectif de r\u00e9cup\u00e9ration fix\u00e9 par le r\u00e8glement.<\/p>\t\t\t\t\t\t\t\t<\/div>\n\t\t\t\t<\/div>\n\t\t\t\t<div class=\"elementor-element elementor-element-05e9455 elementor-widget elementor-widget-text-editor\" data-id=\"05e9455\" data-element_type=\"widget\" data-e-type=\"widget\" data-widget_type=\"text-editor.default\">\n\t\t\t\t<div class=\"elementor-widget-container\">\n\t\t\t\t\t\t\t\t\tPrenez note qu\u2019\u00e0 <span style=\"color: #5ac1af; font-weight: bold;\">partir du 30 d\u00e9cembre 2022<\/span> une modification au r\u00e8glement pr\u00e9voit que l\u2019affichage des \u00e9cofrais lors de la vente d\u2019un produit doit comprendre la r\u00e9f\u00e9rence au site Internet de SORAC afin d\u2019obtenir de l\u2019information concernant le programme de r\u00e9cup\u00e9ration.\n\nLes \u00e9cofrais sont regroup\u00e9s selon cinq cat\u00e9gories, dont le co\u00fbt varie de 90\u00a0$ \u00e0 215 $ selon le type d\u2019appareil.\n\n<a style=\"font-weight: bold; text-decoration:underline;\" href=\"https:\/\/sorac.ca\/produits-vises\/\">Consultez la liste des produits vis\u00e9s<\/a>\u00a0pour d\u00e9terminer \u00e0 quelle cat\u00e9gorie d\u2019\u00e9cofrais appartiennent les produits que vous mettez en march\u00e9.\t\t\t\t\t\t\t\t<\/div>\n\t\t\t\t<\/div>\n\t\t\t\t\t<\/div>\n\t\t<\/div>\n\t\t\t\t\t<\/div>\n\t\t<\/section>\n\t\t\t\t<section class=\"elementor-section elementor-top-section elementor-element elementor-element-d58db89 elementor-section-boxed elementor-section-height-default elementor-section-height-default\" data-id=\"d58db89\" data-element_type=\"section\" data-e-type=\"section\">\n\t\t\t\t\t\t<div class=\"elementor-container elementor-column-gap-no\">\n\t\t\t\t\t<div class=\"elementor-column elementor-col-50 elementor-top-column elementor-element elementor-element-78eb9b5\" data-id=\"78eb9b5\" data-element_type=\"column\" data-e-type=\"column\" data-settings=\"{&quot;background_background&quot;:&quot;classic&quot;}\">\n\t\t\t<div class=\"elementor-widget-wrap elementor-element-populated\">\n\t\t\t\t\t\t<div class=\"elementor-element elementor-element-0d23b41 elementor-widget__width-initial elementor-widget-mobile__width-inherit elementor-widget elementor-widget-heading\" data-id=\"0d23b41\" data-element_type=\"widget\" data-e-type=\"widget\" data-widget_type=\"heading.default\">\n\t\t\t\t<div class=\"elementor-widget-container\">\n\t\t\t\t\t<h2 class=\"elementor-heading-title elementor-size-default\">Devenir membre de la SORAC<\/h2>\t\t\t\t<\/div>\n\t\t\t\t<\/div>\n\t\t\t\t<div class=\"elementor-element elementor-element-aa6dce9 elementor-widget__width-initial elementor-widget elementor-widget-text-editor\" data-id=\"aa6dce9\" data-element_type=\"widget\" data-e-type=\"widget\" data-widget_type=\"text-editor.default\">\n\t\t\t\t<div class=\"elementor-widget-container\">\n\t\t\t\t\t\t\t\t\t<p>Rejoignez notre communaut\u00e9 afin de poser un geste aujourd\u2019hui pour changer demain !<\/p><p>Remplissez le formulaire ci-joint.<\/p>\t\t\t\t\t\t\t\t<\/div>\n\t\t\t\t<\/div>\n\t\t\t\t<div class=\"elementor-element elementor-element-63e655f elementor-widget elementor-widget-spacer\" data-id=\"63e655f\" data-element_type=\"widget\" data-e-type=\"widget\" data-widget_type=\"spacer.default\">\n\t\t\t\t<div class=\"elementor-widget-container\">\n\t\t\t\t\t\t\t<div class=\"elementor-spacer\">\n\t\t\t<div class=\"elementor-spacer-inner\"><\/div>\n\t\t<\/div>\n\t\t\t\t\t\t<\/div>\n\t\t\t\t<\/div>\n\t\t\t\t<div class=\"elementor-element elementor-element-253d73a elementor-widget__width-auto elementor-widget elementor-widget-image\" data-id=\"253d73a\" data-element_type=\"widget\" data-e-type=\"widget\" data-widget_type=\"image.default\">\n\t\t\t\t<div class=\"elementor-widget-container\">\n\t\t\t\t\t\t\t\t\t\t\t\t\t\t\t<img decoding=\"async\" width=\"16\" height=\"14\" src=\"https:\/\/sorac.ca\/wp-content\/uploads\/2022\/10\/icon_mail.png\" class=\"attachment-large size-large wp-image-244\" alt=\"\" \/>\t\t\t\t\t\t\t\t\t\t\t\t\t\t\t<\/div>\n\t\t\t\t<\/div>\n\t\t\t\t<div class=\"elementor-element elementor-element-5117dad elementor-widget__width-auto elementor-widget elementor-widget-heading\" data-id=\"5117dad\" data-element_type=\"widget\" data-e-type=\"widget\" data-widget_type=\"heading.default\">\n\t\t\t\t<div class=\"elementor-widget-container\">\n\t\t\t\t\t<h2 class=\"elementor-heading-title elementor-size-default\">info@sorac.ca<\/h2>\t\t\t\t<\/div>\n\t\t\t\t<\/div>\n\t\t\t\t<div class=\"elementor-element elementor-element-388e36f elementor-widget elementor-widget-spacer\" data-id=\"388e36f\" data-element_type=\"widget\" data-e-type=\"widget\" data-widget_type=\"spacer.default\">\n\t\t\t\t<div class=\"elementor-widget-container\">\n\t\t\t\t\t\t\t<div class=\"elementor-spacer\">\n\t\t\t<div class=\"elementor-spacer-inner\"><\/div>\n\t\t<\/div>\n\t\t\t\t\t\t<\/div>\n\t\t\t\t<\/div>\n\t\t\t\t<div class=\"elementor-element elementor-element-e77eb55 elementor-widget__width-auto elementor-widget elementor-widget-image\" data-id=\"e77eb55\" data-element_type=\"widget\" data-e-type=\"widget\" data-widget_type=\"image.default\">\n\t\t\t\t<div class=\"elementor-widget-container\">\n\t\t\t\t\t\t\t\t\t\t\t\t\t\t\t<img decoding=\"async\" width=\"14\" height=\"18\" src=\"https:\/\/sorac.ca\/wp-content\/uploads\/2022\/10\/icon_telephone.png\" class=\"attachment-large size-large wp-image-245\" alt=\"\" \/>\t\t\t\t\t\t\t\t\t\t\t\t\t\t\t<\/div>\n\t\t\t\t<\/div>\n\t\t\t\t<div class=\"elementor-element elementor-element-c97c986 elementor-widget__width-auto elementor-widget elementor-widget-heading\" data-id=\"c97c986\" data-element_type=\"widget\" data-e-type=\"widget\" data-widget_type=\"heading.default\">\n\t\t\t\t<div class=\"elementor-widget-container\">\n\t\t\t\t\t<h2 class=\"elementor-heading-title elementor-size-default\">1.888.728.9169<\/h2>\t\t\t\t<\/div>\n\t\t\t\t<\/div>\n\t\t\t\t<div class=\"elementor-element elementor-element-9139165 elementor-widget elementor-widget-spacer\" data-id=\"9139165\" data-element_type=\"widget\" data-e-type=\"widget\" data-widget_type=\"spacer.default\">\n\t\t\t\t<div class=\"elementor-widget-container\">\n\t\t\t\t\t\t\t<div class=\"elementor-spacer\">\n\t\t\t<div class=\"elementor-spacer-inner\"><\/div>\n\t\t<\/div>\n\t\t\t\t\t\t<\/div>\n\t\t\t\t<\/div>\n\t\t\t\t\t<\/div>\n\t\t<\/div>\n\t\t\t\t<div class=\"elementor-column elementor-col-50 elementor-top-column elementor-element elementor-element-c0d0cd4\" data-id=\"c0d0cd4\" data-element_type=\"column\" data-e-type=\"column\" data-settings=\"{&quot;background_background&quot;:&quot;classic&quot;}\">\n\t\t\t<div class=\"elementor-widget-wrap elementor-element-populated\">\n\t\t\t\t\t\t<div class=\"elementor-element elementor-element-b8f2067 elementor-button-align-end elementor-widget elementor-widget-global elementor-global-274 elementor-widget-form\" data-id=\"b8f2067\" data-element_type=\"widget\" data-e-type=\"widget\" data-settings=\"{&quot;button_width&quot;:&quot;50&quot;,&quot;step_next_label&quot;:&quot;Suivant&quot;,&quot;step_previous_label&quot;:&quot;Pr\\u00e9c\\u00e9dent&quot;,&quot;step_type&quot;:&quot;number_text&quot;,&quot;step_icon_shape&quot;:&quot;circle&quot;}\" data-widget_type=\"form.default\">\n\t\t\t\t<div class=\"elementor-widget-container\">\n\t\t\t\t\t\t\t<form class=\"elementor-form\" method=\"post\" id=\"footer_contact\" name=\"FooterContact\" aria-label=\"FooterContact\">\n\t\t\t<input type=\"hidden\" name=\"post_id\" value=\"793\"\/>\n\t\t\t<input type=\"hidden\" name=\"form_id\" value=\"b8f2067\"\/>\n\t\t\t<input type=\"hidden\" name=\"referer_title\" value=\"\" \/>\n\n\t\t\t\n\t\t\t<div class=\"elementor-form-fields-wrapper elementor-labels-above\">\n\t\t\t\t\t\t\t\t<div class=\"elementor-field-type-text elementor-field-group elementor-column elementor-field-group-name elementor-col-50 elementor-field-required\">\n\t\t\t\t\t\t\t\t\t\t\t\t<label for=\"form-field-name\" class=\"elementor-field-label\">\n\t\t\t\t\t\t\t\tNom complet *\t\t\t\t\t\t\t<\/label>\n\t\t\t\t\t\t\t\t\t\t\t\t\t\t<input size=\"1\" type=\"text\" name=\"form_fields[name]\" id=\"form-field-name\" class=\"elementor-field elementor-size-sm  elementor-field-textual\" required=\"required\">\n\t\t\t\t\t\t\t\t\t\t\t<\/div>\n\t\t\t\t\t\t\t\t<div class=\"elementor-field-type-email elementor-field-group elementor-column elementor-field-group-email elementor-col-50 elementor-field-required\">\n\t\t\t\t\t\t\t\t\t\t\t\t<label for=\"form-field-email\" class=\"elementor-field-label\">\n\t\t\t\t\t\t\t\tCourriel *\t\t\t\t\t\t\t<\/label>\n\t\t\t\t\t\t\t\t\t\t\t\t\t\t<input size=\"1\" type=\"email\" name=\"form_fields[email]\" id=\"form-field-email\" class=\"elementor-field elementor-size-sm  elementor-field-textual\" required=\"required\">\n\t\t\t\t\t\t\t\t\t\t\t<\/div>\n\t\t\t\t\t\t\t\t<div class=\"elementor-field-type-text elementor-field-group elementor-column elementor-field-group-field_62a1d83 elementor-col-100 elementor-field-required\">\n\t\t\t\t\t\t\t\t\t\t\t\t<label for=\"form-field-field_62a1d83\" class=\"elementor-field-label\">\n\t\t\t\t\t\t\t\tNom de l'entreprise *\t\t\t\t\t\t\t<\/label>\n\t\t\t\t\t\t\t\t\t\t\t\t\t\t<input size=\"1\" type=\"text\" name=\"form_fields[field_62a1d83]\" id=\"form-field-field_62a1d83\" class=\"elementor-field elementor-size-sm  elementor-field-textual\" required=\"required\">\n\t\t\t\t\t\t\t\t\t\t\t<\/div>\n\t\t\t\t\t\t\t\t<div class=\"elementor-field-type-textarea elementor-field-group elementor-column elementor-field-group-message elementor-col-100\">\n\t\t\t\t\t\t\t\t\t\t\t\t<label for=\"form-field-message\" class=\"elementor-field-label\">\n\t\t\t\t\t\t\t\tMessage (optionnel)\t\t\t\t\t\t\t<\/label>\n\t\t\t\t\t\t<textarea class=\"elementor-field-textual elementor-field  elementor-size-sm\" name=\"form_fields[message]\" id=\"form-field-message\" rows=\"1\" placeholder=\"Message\"><\/textarea>\t\t\t\t<\/div>\n\t\t\t\t\t\t\t\t<div class=\"elementor-field-type-checkbox elementor-field-group elementor-column elementor-field-group-field_9ee41f1 elementor-col-50\">\n\t\t\t\t\t<div class=\"elementor-field-subgroup  elementor-subgroup-inline\"><span class=\"elementor-field-option\"><input type=\"checkbox\" value=\"S&#039;inscrire \u00e0 l&#039;infolettre\" id=\"form-field-field_9ee41f1-0\" name=\"form_fields[field_9ee41f1]\"> <label for=\"form-field-field_9ee41f1-0\">S'inscrire \u00e0 l'infolettre<\/label><\/span><\/div>\t\t\t\t<\/div>\n\t\t\t\t\t\t\t\t<div class=\"elementor-field-type-text\">\n\t\t\t\t\t<input size=\"1\" type=\"text\" name=\"form_fields[field_4f11ccc]\" id=\"form-field-field_4f11ccc\" class=\"elementor-field elementor-size-sm \" style=\"display:none !important;\">\t\t\t\t<\/div>\n\t\t\t\t\t\t\t\t<div class=\"elementor-field-group elementor-column elementor-field-type-submit elementor-col-50 e-form__buttons\">\n\t\t\t\t\t<button class=\"elementor-button elementor-size-sm\" type=\"submit\">\n\t\t\t\t\t\t<span class=\"elementor-button-content-wrapper\">\n\t\t\t\t\t\t\t\t\t\t\t\t\t\t\t\t\t\t\t\t\t\t<span class=\"elementor-button-text\">Envoyer<\/span>\n\t\t\t\t\t\t\t\t\t\t\t\t\t<\/span>\n\t\t\t\t\t<\/button>\n\t\t\t\t<\/div>\n\t\t\t<\/div>\n\t\t<\/form>\n\t\t\t\t\t\t<\/div>\n\t\t\t\t<\/div>\n\t\t\t\t<div class=\"elementor-element elementor-element-83f07a3 elementor-widget elementor-widget-text-editor\" data-id=\"83f07a3\" data-element_type=\"widget\" data-e-type=\"widget\" data-widget_type=\"text-editor.default\">\n\t\t\t\t<div class=\"elementor-widget-container\">\n\t\t\t\t\t\t\t\t\t* Les champs sont obligatoires\t\t\t\t\t\t\t\t<\/div>\n\t\t\t\t<\/div>\n\t\t\t\t\t<\/div>\n\t\t<\/div>\n\t\t\t\t\t<\/div>\n\t\t<\/section>\n\t\t\t\t<\/div>\n\t\t","protected":false},"excerpt":{"rendered":"<p>Qu&rsquo;est-ce qu&rsquo;un \u00e9cofrais? L\u2019\u00e9cofrais est inclus dans le prix des appareils de r\u00e9frig\u00e9ration et cong\u00e9lation neufs conform\u00e9ment au R\u00e8glement sur la r\u00e9cup\u00e9ration et la valorisation de produits par les entreprises du Qu\u00e9bec. Ces \u00e9cofrais refl\u00e8tent le co\u00fbt r\u00e9el pour financer la collecte, le transport, le recyclage des appareils et la gestion du programme de la [&hellip;]<\/p>\n","protected":false},"author":7,"featured_media":0,"parent":0,"menu_order":0,"comment_status":"closed","ping_status":"closed","template":"","meta":{"footnotes":""},"class_list":["post-793","page","type-page","status-publish","hentry"],"_links":{"self":[{"href":"https:\/\/sorac.ca\/en\/wp-json\/wp\/v2\/pages\/793","targetHints":{"allow":["GET"]}}],"collection":[{"href":"https:\/\/sorac.ca\/en\/wp-json\/wp\/v2\/pages"}],"about":[{"href":"https:\/\/sorac.ca\/en\/wp-json\/wp\/v2\/types\/page"}],"author":[{"embeddable":true,"href":"https:\/\/sorac.ca\/en\/wp-json\/wp\/v2\/users\/7"}],"replies":[{"embeddable":true,"href":"https:\/\/sorac.ca\/en\/wp-json\/wp\/v2\/comments?post=793"}],"version-history":[{"count":46,"href":"https:\/\/sorac.ca\/en\/wp-json\/wp\/v2\/pages\/793\/revisions"}],"predecessor-version":[{"id":3447,"href":"https:\/\/sorac.ca\/en\/wp-json\/wp\/v2\/pages\/793\/revisions\/3447"}],"wp:attachment":[{"href":"https:\/\/sorac.ca\/en\/wp-json\/wp\/v2\/media?parent=793"}],"curies":[{"name":"wp","href":"https:\/\/api.w.org\/{rel}","templated":true}]}}