{"id":1897,"date":"2026-04-27T10:27:34","date_gmt":"2026-04-27T10:27:34","guid":{"rendered":"https:\/\/sorac.ca\/?page_id=1897"},"modified":"2026-04-27T14:14:37","modified_gmt":"2026-04-27T14:14:37","slug":"agent-e-comptabilite-et-administration","status":"publish","type":"page","link":"https:\/\/sorac.ca\/en\/agent-e-comptabilite-et-administration\/","title":{"rendered":"Carri\u00e8res"},"content":{"rendered":"<div data-elementor-type=\"wp-page\" data-elementor-id=\"1897\" class=\"elementor elementor-1897\" data-elementor-post-type=\"page\">\n\t\t\t\t\t\t<section class=\"elementor-section elementor-top-section elementor-element elementor-element-bb2926a elementor-section-boxed elementor-section-height-default elementor-section-height-default\" data-id=\"bb2926a\" data-element_type=\"section\" data-e-type=\"section\">\n\t\t\t\t\t\t<div class=\"elementor-container elementor-column-gap-default\">\n\t\t\t\t\t<div class=\"elementor-column elementor-col-100 elementor-top-column elementor-element elementor-element-bfb4236\" data-id=\"bfb4236\" data-element_type=\"column\" data-e-type=\"column\">\n\t\t\t<div class=\"elementor-widget-wrap elementor-element-populated\">\n\t\t\t\t\t\t<div class=\"elementor-element elementor-element-c330138 elementor-widget elementor-widget-heading\" data-id=\"c330138\" data-element_type=\"widget\" data-e-type=\"widget\" data-widget_type=\"heading.default\">\n\t\t\t\t<div class=\"elementor-widget-container\">\n\t\t\t\t\t<h2 class=\"elementor-heading-title elementor-size-default\">Accounting and Administration Officer <\/h2>\t\t\t\t<\/div>\n\t\t\t\t<\/div>\n\t\t\t\t\t<\/div>\n\t\t<\/div>\n\t\t\t\t\t<\/div>\n\t\t<\/section>\n\t\t\t\t<section class=\"elementor-section elementor-top-section elementor-element elementor-element-3fe29bb elementor-section-boxed elementor-section-height-default elementor-section-height-default\" data-id=\"3fe29bb\" data-element_type=\"section\" data-e-type=\"section\">\n\t\t\t\t\t\t<div class=\"elementor-container elementor-column-gap-default\">\n\t\t\t\t\t<div class=\"elementor-column elementor-col-100 elementor-top-column elementor-element elementor-element-cb0b8db\" data-id=\"cb0b8db\" data-element_type=\"column\" data-e-type=\"column\" data-settings=\"{&quot;background_background&quot;:&quot;classic&quot;}\">\n\t\t\t<div class=\"elementor-widget-wrap elementor-element-populated\">\n\t\t\t\t\t\t<div class=\"elementor-element elementor-element-14bb840 elementor-widget elementor-widget-text-editor\" data-id=\"14bb840\" data-element_type=\"widget\" data-e-type=\"widget\" data-widget_type=\"text-editor.default\">\n\t\t\t\t<div class=\"elementor-widget-container\">\n\t\t\t\t\t\t\t\t\t<p>SORAC is a non\u2011profit organization that was recently established to contribute in a meaningful way to environmental protection. Its vision is to further develop its expertise in order to become a leader in Canada as a recovery and valorization organization for all types of commercial and institutional equipment.\nThe mandate of our organization is to establish the very first recovery program in Quebec and Canada for commercial and institutional refrigeration and freezing equipment. As a strategic player within our team, you will therefore help reduce greenhouse gas emissions by diverting this equipment from landfill sites and by setting industry benchmarks in this field.<\/p>\t\t\t\t\t\t\t\t<\/div>\n\t\t\t\t<\/div>\n\t\t\t\t\t<\/div>\n\t\t<\/div>\n\t\t\t\t\t<\/div>\n\t\t<\/section>\n\t\t\t\t<section class=\"elementor-section elementor-top-section elementor-element elementor-element-be66c17 elementor-section-boxed elementor-section-height-default elementor-section-height-default\" data-id=\"be66c17\" data-element_type=\"section\" data-e-type=\"section\">\n\t\t\t\t\t\t<div class=\"elementor-container elementor-column-gap-default\">\n\t\t\t\t\t<div class=\"elementor-column elementor-col-100 elementor-top-column elementor-element elementor-element-2399f86\" data-id=\"2399f86\" data-element_type=\"column\" data-e-type=\"column\" data-settings=\"{&quot;background_background&quot;:&quot;classic&quot;}\">\n\t\t\t<div class=\"elementor-widget-wrap elementor-element-populated\">\n\t\t\t\t\t\t<div class=\"elementor-element elementor-element-234f019 elementor-widget elementor-widget-text-editor\" data-id=\"234f019\" data-element_type=\"widget\" data-e-type=\"widget\" data-widget_type=\"text-editor.default\">\n\t\t\t\t<div class=\"elementor-widget-container\">\n\t\t\t\t\t\t\t\t\t<p class=\"translation-block\">For our growing team, we are currently seeking <strong>a Accounting and Administration Officer<\/strong>. Under the supervision of SORAC\u2019s Executive Director, you will be actively involved in bookkeeping and the smooth execution of daily accounting operations. In addition, by supporting various members of the team, you will be responsible for a range of administrative tasks and files.<\/p>\t\t\t\t\t\t\t\t<\/div>\n\t\t\t\t<\/div>\n\t\t\t\t\t<\/div>\n\t\t<\/div>\n\t\t\t\t\t<\/div>\n\t\t<\/section>\n\t\t\t\t<section class=\"elementor-section elementor-top-section elementor-element elementor-element-4cd2059 elementor-section-boxed elementor-section-height-default elementor-section-height-default\" data-id=\"4cd2059\" data-element_type=\"section\" data-e-type=\"section\">\n\t\t\t\t\t\t<div class=\"elementor-container elementor-column-gap-default\">\n\t\t\t\t\t<div class=\"elementor-column elementor-col-100 elementor-top-column elementor-element elementor-element-8d8d5ee\" data-id=\"8d8d5ee\" data-element_type=\"column\" data-e-type=\"column\">\n\t\t\t<div class=\"elementor-widget-wrap elementor-element-populated\">\n\t\t\t\t\t\t<div class=\"elementor-element elementor-element-4db8289 elementor-widget elementor-widget-text-editor\" data-id=\"4db8289\" data-element_type=\"widget\" data-e-type=\"widget\" data-widget_type=\"text-editor.default\">\n\t\t\t\t<div class=\"elementor-widget-container\">\n\t\t\t\t\t\t\t\t\t<h2>See why it\u2019s great to work at SORAC:<\/h2><p>You are an organized, detail\u2011oriented, and versatile individual with expertise in accounting, and you are looking for a role that includes diverse and stimulating responsibilities? We invite you to apply for this opportunity, which offers multiple possibilities. We offer a competitive salary, a comprehensive benefits package, and a work environment that encourages growth and development.<\/p><ul><li>Full\u2011time position with flexible working hours and summer Fridays.<\/li><li>Remote work possible; this position requires on\u2011site presence at least one day per week at our workplace in Sainte\u2011Th\u00e9r\u00e8se, in the Lower Laurentians.<\/li><li>Group insurance program<\/li><li>Professional development<\/li><li>Cell phone allowance<\/li><li>Vacations and personal leave<\/li><li>One week of paid leave during the Christmas holidays.<\/li><li>Salary range: $25 to $32 per hour<\/li><\/ul>\t\t\t\t\t\t\t\t<\/div>\n\t\t\t\t<\/div>\n\t\t\t\t\t<\/div>\n\t\t<\/div>\n\t\t\t\t\t<\/div>\n\t\t<\/section>\n\t\t\t\t<section class=\"elementor-section elementor-top-section elementor-element elementor-element-bb8ecd6 elementor-section-boxed elementor-section-height-default elementor-section-height-default\" data-id=\"bb8ecd6\" data-element_type=\"section\" data-e-type=\"section\">\n\t\t\t\t\t\t<div class=\"elementor-container elementor-column-gap-default\">\n\t\t\t\t\t<div class=\"elementor-column elementor-col-100 elementor-top-column elementor-element elementor-element-b7b8f95\" data-id=\"b7b8f95\" data-element_type=\"column\" data-e-type=\"column\" data-settings=\"{&quot;background_background&quot;:&quot;classic&quot;}\">\n\t\t\t<div class=\"elementor-widget-wrap elementor-element-populated\">\n\t\t\t\t\t\t<div class=\"elementor-element elementor-element-728dacf elementor-widget elementor-widget-text-editor\" data-id=\"728dacf\" data-element_type=\"widget\" data-e-type=\"widget\" data-widget_type=\"text-editor.default\">\n\t\t\t\t<div class=\"elementor-widget-container\">\n\t\t\t\t\t\t\t\t\t<h2>What do you need to succeed in this role?<\/h2><ul><li>Diploma of Collegial Studies (DEC) in Accounting or equivalent education<\/li><li>Minimum of seven (7) years of relevant and meaningful experience<\/li><li>Good command of the QuickBooks accounting software.<\/li><li>Excellent command of the Office suite, particularly Excel.<\/li><li>Familiar with the use of a CRM (HubSpot an asset)<\/li><li>Excellent command of French and good command of English<\/li><li>Sense of organization, rigor, and attention to detail<\/li><li>Demonstrate versatility, autonomy, and the ability to work as part of a team<\/li><li>Excellent customer service approach<\/li><li>Experience working with a non\u2011profit organization is an asset<\/li><li>Interest in sustainable development practices and environmental protection<\/li><\/ul>\t\t\t\t\t\t\t\t<\/div>\n\t\t\t\t<\/div>\n\t\t\t\t\t<\/div>\n\t\t<\/div>\n\t\t\t\t\t<\/div>\n\t\t<\/section>\n\t\t\t\t<section class=\"elementor-section elementor-top-section elementor-element elementor-element-48d91dc elementor-section-boxed elementor-section-height-default elementor-section-height-default\" data-id=\"48d91dc\" data-element_type=\"section\" data-e-type=\"section\">\n\t\t\t\t\t\t<div class=\"elementor-container elementor-column-gap-default\">\n\t\t\t\t\t<div class=\"elementor-column elementor-col-100 elementor-top-column elementor-element elementor-element-ef56ded\" data-id=\"ef56ded\" data-element_type=\"column\" data-e-type=\"column\">\n\t\t\t<div class=\"elementor-widget-wrap elementor-element-populated\">\n\t\t\t\t\t\t<div class=\"elementor-element elementor-element-47fd8b1 elementor-widget elementor-widget-text-editor\" data-id=\"47fd8b1\" data-element_type=\"widget\" data-e-type=\"widget\" data-widget_type=\"text-editor.default\">\n\t\t\t\t<div class=\"elementor-widget-container\">\n\t\t\t\t\t\t\t\t\t<h2>Here\u2019s what your day\u2011to\u2011day work will look like:<\/h2><p><strong>Accounting component<\/strong> (approximately two and a half days per week)<\/p><ul><li>Ensure the monthly closing of accounting journals and general ledger accounts<\/li><li>Perform monthly bank reconciliations<\/li><li>Ensure follow\u2011up of customer and supplier accounts<\/li><li>Ensure the processing of invoices and payments<\/li><li>Carry out tax filings (GST, QST)<\/li><li>Prepare and record journal entries<\/li><li>Participate in the preparation of monthly and annual financial statements<\/li><li>Ensure the collection of supporting documentation<\/li><li>Ensure the updating of accounting records<\/li><li>Payroll preparation using Employer D<\/li><li>Follow\u2011ups on group insurance and liability platforms<\/li><\/ul><p>\u00a0<\/p><p><strong>Administrative component<\/strong><\/p><ul><li>Answer phone calls and forward messages (low call volume)<\/li><li>Manage incoming mail and the info@sorac email inbox<\/li><li>Meeting planning and updating information in the CRM<\/li><li>Record and prepare agendas and minutes for team meetings<\/li><li>Contribute to the onboarding of new employees (management of system access, IT equipment, etc.)<\/li><li>Follow up on and place orders for office or IT supplies, and maintain inventory records<\/li><li>Ensure logistical organization for events or meetings (room bookings, accommodations, event registrations, meals, transportation, conferences, AGM)<\/li><li>Participate in the implementation of the team\u2019s various projects (data research, development of dashboards, summary documents, document review, newsletter).<\/li><li>Participate in the drafting of various reports (annual report, project reports)<\/li><li>Support management with various administrative tasks<\/li><\/ul>\t\t\t\t\t\t\t\t<\/div>\n\t\t\t\t<\/div>\n\t\t\t\t\t<\/div>\n\t\t<\/div>\n\t\t\t\t\t<\/div>\n\t\t<\/section>\n\t\t\t\t<section class=\"elementor-section elementor-top-section elementor-element elementor-element-912a1e8 elementor-section-boxed elementor-section-height-default elementor-section-height-default\" data-id=\"912a1e8\" data-element_type=\"section\" data-e-type=\"section\">\n\t\t\t\t\t\t<div class=\"elementor-container elementor-column-gap-default\">\n\t\t\t\t\t<div class=\"elementor-column elementor-col-100 elementor-top-column elementor-element elementor-element-53bf6d3\" data-id=\"53bf6d3\" data-element_type=\"column\" data-e-type=\"column\" data-settings=\"{&quot;background_background&quot;:&quot;classic&quot;}\">\n\t\t\t<div class=\"elementor-widget-wrap elementor-element-populated\">\n\t\t\t\t\t\t<div class=\"elementor-element elementor-element-3c41512 elementor-widget elementor-widget-text-editor\" data-id=\"3c41512\" data-element_type=\"widget\" data-e-type=\"widget\" data-widget_type=\"text-editor.default\">\n\t\t\t\t<div class=\"elementor-widget-container\">\n\t\t\t\t\t\t\t\t\t<h2>Are you THE person we\u2019re looking for?<\/h2><p>If you\u2019re eager to work in a dynamic environment, care deeply about environmental protection, and want to showcase your talents within a committed team, we would be delighted to learn more about you!<\/p><p><strong>Send your r\u00e9sum\u00e9 by email to<\/strong> <a href=\"mailto:nathalie@sorac.ca\" target=\"_blank\" rel=\"noopener\">nathalie@sorac.ca<\/a> by no later than May\u00a012,\u00a02026.<\/p>\t\t\t\t\t\t\t\t<\/div>\n\t\t\t\t<\/div>\n\t\t\t\t\t<\/div>\n\t\t<\/div>\n\t\t\t\t\t<\/div>\n\t\t<\/section>\n\t\t\t\t<\/div>","protected":false},"excerpt":{"rendered":"<p>Agent(e) comptabilit\u00e9 et administration La SORAC est un organisme \u00e0 but non lucratif qui a \u00e9t\u00e9 r\u00e9cemment mis en place afin de contribuer de fa\u00e7on significative \u00e0 la protection de l\u2019environnement. Elle a pour ambition vision de d\u00e9velopper son expertise afin de devenir un leader au Canada \u00e0 titre d\u2019organisme de r\u00e9cup\u00e9ration et de valorisation [&hellip;]<\/p>\n","protected":false},"author":7,"featured_media":0,"parent":0,"menu_order":0,"comment_status":"closed","ping_status":"closed","template":"","meta":{"footnotes":""},"class_list":["post-1897","page","type-page","status-publish","hentry"],"_links":{"self":[{"href":"https:\/\/sorac.ca\/en\/wp-json\/wp\/v2\/pages\/1897","targetHints":{"allow":["GET"]}}],"collection":[{"href":"https:\/\/sorac.ca\/en\/wp-json\/wp\/v2\/pages"}],"about":[{"href":"https:\/\/sorac.ca\/en\/wp-json\/wp\/v2\/types\/page"}],"author":[{"embeddable":true,"href":"https:\/\/sorac.ca\/en\/wp-json\/wp\/v2\/users\/7"}],"replies":[{"embeddable":true,"href":"https:\/\/sorac.ca\/en\/wp-json\/wp\/v2\/comments?post=1897"}],"version-history":[{"count":21,"href":"https:\/\/sorac.ca\/en\/wp-json\/wp\/v2\/pages\/1897\/revisions"}],"predecessor-version":[{"id":3964,"href":"https:\/\/sorac.ca\/en\/wp-json\/wp\/v2\/pages\/1897\/revisions\/3964"}],"wp:attachment":[{"href":"https:\/\/sorac.ca\/en\/wp-json\/wp\/v2\/media?parent=1897"}],"curies":[{"name":"wp","href":"https:\/\/api.w.org\/{rel}","templated":true}]}}